{"id":76,"date":"2024-02-26T22:16:06","date_gmt":"2024-02-26T21:16:06","guid":{"rendered":"https:\/\/fabuleusementfortes.fr\/?page_id=76"},"modified":"2024-03-02T00:04:01","modified_gmt":"2024-03-01T23:04:01","slug":"prendre-soin-de-soi-avant-pendant-et-apres-une-perte-de-poids","status":"publish","type":"page","link":"https:\/\/fabuleusementfortes.fr\/?page_id=76","title":{"rendered":"Prendre soin de soi avant, pendant et apr\u00e8s une perte de poids \u2026"},"content":{"rendered":"<p>Bienvenue sur notre site d\u00e9di\u00e9 \u00e0 la perte de poids, au fitness et au bien-\u00eatre. Nous sommes fiers de vous offrir une gamme compl\u00e8te de produits et de services pour vous aider \u00e0 atteindre vos objectifs de remise en forme et de sant\u00e9.<\/p>\n<h2>V\u00eatements de sport de qualit\u00e9<\/h2>\n<p>Nous vous proposons \u00e9galement une s\u00e9lection de sites de v\u00eatements de sport de haute qualit\u00e9, con\u00e7us pour vous offrir un confort optimal pendant vos s\u00e9ances d&rsquo;entra\u00eenement. Que vous pratiquiez la course \u00e0 pied, le yoga, la musculation ou tout autre sport, leurs v\u00eatements sont con\u00e7us pour vous accompagner dans vos performances.<\/p>\n<h2>Alimentation \u00e9quilibr\u00e9e<\/h2>\n<p>L&rsquo;alimentation joue un r\u00f4le essentiel dans la perte de poids et le maintien d&rsquo;une bonne sant\u00e9. Notre site vous propose des conseils et des recettes pour adopter une alimentation \u00e9quilibr\u00e9e et nutritive. D\u00e9couvrez des sites de \u00a0programmes alimentaires personnalis\u00e9s et des compl\u00e9ments alimentaires pour vous aider \u00e0 atteindre vos objectifs.<\/p>\n<h2>Cosm\u00e9tiques naturels<\/h2>\n<p>Nous croyons en l&rsquo;importance de prendre soin de votre peau et de votre corps de mani\u00e8re naturelle. Plusieurs gammes de cosm\u00e9tiques naturels sont formul\u00e9es avec des ingr\u00e9dients de haute qualit\u00e9 pour vous offrir des r\u00e9sultats visibles et durables. D\u00e9couvrez sur ce site, ces produits pour le visage, le corps et les cheveux.<\/p>\n<h2>Bien-\u00eatre global<\/h2>\n<p>Le bien-\u00eatre ne se limite pas \u00e0 l&rsquo;aspect physique. Ce site propose \u00e9galement des conseils et des produits pour prendre soin de votre bien-\u00eatre mental et \u00e9motionnel. D\u00e9couvrez nos techniques de relaxation, des conseils de gestion du stress et des produits pour favoriser une meilleure qualit\u00e9 de sommeil.<\/p>\n<p>Que vous souhaitiez perdre du poids, tonifier votre corps, am\u00e9liorer votre alimentation ou simplement prendre soin de vous, notre site est l\u00e0 pour vous accompagner dans votre d\u00e9marche. Explorez notre gamme compl\u00e8te de liens d\u2019affiliation de produits et de services et commencez d\u00e8s aujourd&rsquo;hui votre voyage vers une meilleure sant\u00e9 et un bien-\u00eatre global.<\/p>\n","protected":false},"excerpt":{"rendered":"<p>Prendre soin de soi<\/p>\n","protected":false},"author":1,"featured_media":0,"parent":0,"menu_order":0,"comment_status":"open","ping_status":"closed","template":"","meta":{"om_disable_all_campaigns":false,"_monsterinsights_skip_tracking":false,"_monsterinsights_sitenote_active":false,"_monsterinsights_sitenote_note":"","_monsterinsights_sitenote_category":0,"_uf_show_specific_survey":0,"_uf_disable_surveys":false,"footnotes":""},"class_list":["post-76","page","type-page","status-publish","hentry"],"aioseo_notices":[],"_links":{"self":[{"href":"https:\/\/fabuleusementfortes.fr\/index.php?rest_route=\/wp\/v2\/pages\/76","targetHints":{"allow":["GET"]}}],"collection":[{"href":"https:\/\/fabuleusementfortes.fr\/index.php?rest_route=\/wp\/v2\/pages"}],"about":[{"href":"https:\/\/fabuleusementfortes.fr\/index.php?rest_route=\/wp\/v2\/types\/page"}],"author":[{"embeddable":true,"href":"https:\/\/fabuleusementfortes.fr\/index.php?rest_route=\/wp\/v2\/users\/1"}],"replies":[{"embeddable":true,"href":"https:\/\/fabuleusementfortes.fr\/index.php?rest_route=%2Fwp%2Fv2%2Fcomments&post=76"}],"version-history":[{"count":3,"href":"https:\/\/fabuleusementfortes.fr\/index.php?rest_route=\/wp\/v2\/pages\/76\/revisions"}],"predecessor-version":[{"id":148,"href":"https:\/\/fabuleusementfortes.fr\/index.php?rest_route=\/wp\/v2\/pages\/76\/revisions\/148"}],"wp:attachment":[{"href":"https:\/\/fabuleusementfortes.fr\/index.php?rest_route=%2Fwp%2Fv2%2Fmedia&parent=76"}],"curies":[{"name":"wp","href":"https:\/\/api.w.org\/{rel}","templated":true}]}}