{"id":267,"date":"2024-02-29T16:37:23","date_gmt":"2024-02-29T15:37:23","guid":{"rendered":"https:\/\/fabuleusementfortes.fr\/?page_id=267"},"modified":"2024-03-02T11:48:39","modified_gmt":"2024-03-02T10:48:39","slug":"envie-dune-balance-connectee-mais-vous-ne-savez-pas-laquelle-choisir-fabuleusementfortes-vous-donne-les-5-meilleures-balances","status":"publish","type":"page","link":"https:\/\/fabuleusementfortes.fr\/?page_id=267","title":{"rendered":"Envie d\u2019une balance connect\u00e9e mais vous ne savez pas laquelle choisir ? Fabuleusementfortes vous donne les 5 meilleures balances\u2026"},"content":{"rendered":"\n<p>Les balances connect\u00e9es, sont, g\u00e9n\u00e9ralement, des dispositifs qui se connectent \u00e0 votre smartphone ou \u00e0 votre tablette via une connexion sans fil, g\u00e9n\u00e9ralement Bluetooth, et vous permettent de suivre votre poids et d&rsquo;autres mesures de composition corporelle \u00e0 l&rsquo;aide d&rsquo;une application d\u00e9di\u00e9e. Voici un comparatif des cinq meilleures marques de balance connect\u00e9e :<\/p>\n\n\n\n<ul class=\"wp-block-list\">\n<li>PULSAR de chez PROZIS<br><a href=\"http:\/\/prozis.com\/ZDfN\" target=\"_blank\" rel=\"noopener\" title=\"\">PULSAR<\/a> est une marque \u00e9mergente dans le domaine des balances connect\u00e9es. Leurs produits offrent une bonne pr\u00e9cision de mesure du poids, de l&rsquo;IMC, de la masse grasse, de la masse musculaire et de la masse osseuse. Ils sont \u00e9galement dot\u00e9s d&rsquo;une fonction de suivi de la composition corporelle, d&rsquo;une synchronisation sans fil avec l&rsquo;application PROZIS GO et d&rsquo;une fonction de reconnaissance automatique des utilisateurs.<\/li>\n<\/ul>\n\n\n\n<ul class=\"wp-block-list\">\n<li>FITBIT<\/li>\n\n\n\n<li><a href=\"https:\/\/www.amazon.fr\/Fitbit-Aria-Air-Balance-intelligente\/dp\/B07VV6GKDS?crid=MEQB1IPH679N&amp;dib=eyJ2IjoiMSJ9.ZUQISAf7_8ocrMQYZiBeJiBFC2u5Ul4RNYwXrbvqbyPeh7Eu8m-lLKylUrcLQu0hr8bDVL9NRERrZ4A-VVmrkbfY0K_GuZfZySd3gXuGGtXSMNWltnvLjrtyoTXPN8zmaEErf_dwY7pfL-8ZH43D-0eMsPtkcczAI4hXUnnf0D6DYb02rhnfQMHUD5QR6MDK5_Qaksbr8y6vSNfB7Tv1GfiPQD8t4vffWy6KUJcZH93r3jZRhtbAcai_o5RaMwGs_1Z3bmrIL72-kQSEVw8YCMkG1GF6PSX5bPnVHRhk9fk.yyua9hhCpfyC_--tM7b1mV_NyP9Jh25iH8ixl6SQCJ0&amp;dib_tag=se&amp;keywords=balance%2Bconnect%C3%A9e%2Bfitbit&amp;qid=1709220235&amp;sprefix=Balance%2Bconnect%C3%A9e%2Bfitbit%2Caps%2C263&amp;sr=8-23&amp;th=1&amp;linkCode=ll1&amp;tag=fabuleusement-21&amp;linkId=0477808761ce8ca41253e11009297d78&amp;language=fr_FR&amp;ref_=as_li_ss_tl\" target=\"_blank\" rel=\"noopener\" title=\"\">FITBIT<\/a> est l&rsquo;une des marques les plus populaires dans le domaine des dispositifs de suivi de la sant\u00e9 et du fitness. Leurs balances connect\u00e9es offrent des fonctionnalit\u00e9s avanc\u00e9es telles que la mesure de la masse musculaire, la surveillance de la composition corporelle et la synchronisation sans fil avec l&rsquo;application Fitbit. Elles permettent \u00e9galement de suivre l&rsquo;\u00e9volution de votre poids et de votre IMC au fil du temps.<\/li>\n<\/ul>\n\n\n\n<ul class=\"wp-block-list\">\n<li>GARMIN:<\/li>\n\n\n\n<li><a href=\"https:\/\/www.amazon.fr\/Index-S2-Blanc-Balance-connect%C3%A9e\/dp\/B08L3V4XGD?dib=eyJ2IjoiMSJ9.ZUQISAf7_8ocrMQYZiBeJiBFC2u5Ul4RNYwXrbvqbyPeh7Eu8m-lLKylUrcLQu0hr8bDVL9NRERrZ4A-VVmrkbfY0K_GuZfZySd3gXuGGtXSMNWltnvLjrtyoTXPN8zmaEErf_dwY7pfL-8ZH43D-0eMsPtkcczAI4hXUnnf0D6DYb02rhnfQMHUD5QR6MDK5_Qaksbr8y6vSNfB7Tv1GfiPQD8t4vffWy6KUJcZH93r3jZRhtbAcai_o5RaMwGs_1Z3bmrIL72-kQSEVw8YCMkG1GF6PSX5bPnVHRhk9fk.yyua9hhCpfyC_--tM7b1mV_NyP9Jh25iH8ixl6SQCJ0&amp;dib_tag=se&amp;keywords=Balance+connect%C3%A9e+fitbit&amp;qid=1709220102&amp;sr=8-28&amp;linkCode=ll1&amp;tag=fabuleusement-21&amp;linkId=a38efebc1f12b5e7e463d7b22e4e8074&amp;language=fr_FR&amp;ref_=as_li_ss_tl\" target=\"_blank\" rel=\"noopener\" title=\"\">GARMIN<\/a> est une marque r\u00e9put\u00e9e pour ses appareils de suivi d&rsquo;activit\u00e9 et de fitness. Leurs balances connect\u00e9es offrent des mesures pr\u00e9cises du poids, de l&rsquo;IMC, de la masse grasse et de la masse musculaire. Elles sont compatibles avec l&rsquo;application Garmin Connect, ce qui vous permet de suivre vos progr\u00e8s et d&rsquo;int\u00e9grer les donn\u00e9es dans votre profil d&rsquo;activit\u00e9 global.<\/li>\n<\/ul>\n\n\n\n<ul class=\"wp-block-list\">\n<li>RENPHO:<\/li>\n\n\n\n<li><a href=\"https:\/\/www.amazon.fr\/P%C3%A8se-personnes-RENPHO-corporelle-Bluetooth-composition\/dp\/B085LBMP4Z?__mk_fr_FR=%C3%85M%C3%85%C5%BD%C3%95%C3%91&amp;crid=1WFVB29UCX4U2&amp;dib=eyJ2IjoiMSJ9.i5AA7h04IBBSAiJTFSzsXn7xFbW4BNtwwYzgRFMNGTN8kwLOEeby-SeU1ge9kYQBD45PfomPNWDOBBlybKqa5dwESw-3xzwOSP0EegFg7oUPHu9T4QRtFrqctEeMC-PhPBww_ttqcMYj5lOo0bhhmuawxaR6rqC0rc0Gll8MNdYoIPSusUWRWaoBdctFMiPs_blfVVcrXLxsctyvBc1OTNO_lAvCByv_e2cvYdkYW1ox-Q0TrTUxY31nRJ8ofjIjWid80o6jXhywz2v5vDB-PaKh3jqNBDtbYoCpfc6vyBg.oVu5L3bS-7bbhmOBYTPv4_A6aR-hFoNEa5EUg6b4dSk&amp;dib_tag=se&amp;keywords=balance%2Bconnect%C3%A9e%2BRENPHO&amp;qid=1709220570&amp;sprefix=balance%2Bconnect%C3%A9e%2Brenpho%2B%2Caps%2C117&amp;sr=8-9&amp;th=1&amp;linkCode=ll1&amp;tag=fabuleusement-21&amp;linkId=486e3c3e80c9e0f4c8827b23591a3b8c&amp;language=fr_FR&amp;ref_=as_li_ss_tl\" target=\"_blank\" rel=\"noopener\" title=\"\">RENPHO<\/a> est une marque \u00e9mergente dans le domaine des balances connect\u00e9es. Leurs produits offrent une bonne pr\u00e9cision de mesure du poids, de l&rsquo;IMC, de la masse grasse, de la masse musculaire et de la masse osseuse. Ils sont \u00e9galement dot\u00e9s d&rsquo;une fonction de suivi de la composition corporelle, d&rsquo;une synchronisation sans fil avec l&rsquo;application Renpho et d&rsquo;une fonction de reconnaissance automatique des utilisateurs.<\/li>\n<\/ul>\n\n\n\n<ul class=\"wp-block-list\">\n<li>TANITA de WITHINGS:<\/li>\n\n\n\n<li><a href=\"https:\/\/www.amazon.fr\/IRONMAN-Analyseur-Composition-Corporelle-Plateforme\/dp\/B011RK76F8?dib=eyJ2IjoiMSJ9.ZUQISAf7_8ocrMQYZiBeJiBFC2u5Ul4RNYwXrbvqbyPeh7Eu8m-lLKylUrcLQu0hr8bDVL9NRERrZ4A-VVmrkbfY0K_GuZfZySd3gXuGGtXSMNWltnvLjrtyoTXPN8zmaEErf_dwY7pfL-8ZH43D-0eMsPtkcczAI4hXUnnf0D6DYb02rhnfQMHUD5QR6MDK5_Qaksbr8y6vSNfB7Tv1GfiPQD8t4vffWy6KUJcZH93r3jZRhtbAcai_o5RaMwGs_1Z3bmrIL72-kQSEVw8YCMkG1GF6PSX5bPnVHRhk9fk.yyua9hhCpfyC_--tM7b1mV_NyP9Jh25iH8ixl6SQCJ0&amp;dib_tag=se&amp;keywords=Balance+connect%C3%A9e+fitbit&amp;qid=1709219882&amp;sr=8-30&amp;linkCode=ll1&amp;tag=fabuleusement-21&amp;linkId=418d3a42d302628cbbe732469d2c32f8&amp;language=fr_FR&amp;ref_=as_li_ss_tl\" target=\"_blank\" rel=\"noopener\" title=\"\">TANITA<\/a> est une marque sp\u00e9cialis\u00e9e dans les balances et les analyseurs de composition corporelle. Leurs balances connect\u00e9es offrent une pr\u00e9cision de mesure \u00e9lev\u00e9e et une gamme compl\u00e8te de fonctionnalit\u00e9s, y compris la mesure du poids, de l&rsquo;IMC, de la masse grasse, de la masse musculaire, de la masse osseuse et de l&rsquo;eau corporelle. Elles se synchronisent facilement avec l&rsquo;application Tanita Healthy Edge pour un suivi complet de votre sant\u00e9.<\/li>\n<\/ul>\n\n\n\n<p>Il est important de noter que le choix de la meilleure marque de balance connect\u00e9e d\u00e9pendra de vos besoins sp\u00e9cifiques et de votre budget. Il est recommand\u00e9 de lire les avis des utilisateurs, de comparer les fonctionnalit\u00e9s et de prendre en compte la r\u00e9putation de la marque avant de faire un choix.<\/p>\n\n\n\n<figure class=\"wp-block-gallery has-nested-images columns-default is-cropped wp-block-gallery-1 is-layout-flex wp-block-gallery-is-layout-flex\">\n<figure class=\"wp-block-image size-large\"><img loading=\"lazy\" decoding=\"async\" width=\"787\" height=\"1024\" data-id=\"269\" src=\"https:\/\/fabuleusementfortes.fr\/wp-content\/uploads\/2024\/02\/IMG_1333-787x1024.jpeg\" alt=\"\" class=\"wp-image-269\" srcset=\"https:\/\/fabuleusementfortes.fr\/wp-content\/uploads\/2024\/02\/IMG_1333-787x1024.jpeg 787w, https:\/\/fabuleusementfortes.fr\/wp-content\/uploads\/2024\/02\/IMG_1333-230x300.jpeg 230w, https:\/\/fabuleusementfortes.fr\/wp-content\/uploads\/2024\/02\/IMG_1333-768x1000.jpeg 768w, https:\/\/fabuleusementfortes.fr\/wp-content\/uploads\/2024\/02\/IMG_1333-1180x1536.jpeg 1180w, https:\/\/fabuleusementfortes.fr\/wp-content\/uploads\/2024\/02\/IMG_1333.jpeg 1196w\" sizes=\"auto, (max-width: 787px) 100vw, 787px\" \/><\/figure>\n<figcaption class=\"blocks-gallery-caption wp-element-caption\">La balance connect\u00e9e <a href=\"http:\/\/prozis.com\/ZDfN\" target=\"_blank\" rel=\"noopener\" title=\"\">PULSAR<\/a> de chez <a href=\"http:\/\/prozis.com\/CJrq\" target=\"_blank\" rel=\"noopener\" title=\"\">PROZIS<\/a> <\/figcaption><\/figure>\n\n\n\n<p>J&rsquo;esp\u00e8re que ce comparatif vous sera utile dans votre recherche de la meilleure balance connect\u00e9e ! <\/p>\n","protected":false},"excerpt":{"rendered":"<p>La balance connect\u00e9e PULSAR de chez PROZIS <\/p>\n","protected":false},"author":1,"featured_media":269,"parent":0,"menu_order":0,"comment_status":"open","ping_status":"closed","template":"","meta":{"om_disable_all_campaigns":false,"_monsterinsights_skip_tracking":true,"_monsterinsights_sitenote_active":false,"_monsterinsights_sitenote_note":"","_monsterinsights_sitenote_category":0,"_uf_show_specific_survey":0,"_uf_disable_surveys":false,"footnotes":""},"class_list":["post-267","page","type-page","status-publish","has-post-thumbnail","hentry"],"aioseo_notices":[],"_links":{"self":[{"href":"https:\/\/fabuleusementfortes.fr\/index.php?rest_route=\/wp\/v2\/pages\/267","targetHints":{"allow":["GET"]}}],"collection":[{"href":"https:\/\/fabuleusementfortes.fr\/index.php?rest_route=\/wp\/v2\/pages"}],"about":[{"href":"https:\/\/fabuleusementfortes.fr\/index.php?rest_route=\/wp\/v2\/types\/page"}],"author":[{"embeddable":true,"href":"https:\/\/fabuleusementfortes.fr\/index.php?rest_route=\/wp\/v2\/users\/1"}],"replies":[{"embeddable":true,"href":"https:\/\/fabuleusementfortes.fr\/index.php?rest_route=%2Fwp%2Fv2%2Fcomments&post=267"}],"version-history":[{"count":2,"href":"https:\/\/fabuleusementfortes.fr\/index.php?rest_route=\/wp\/v2\/pages\/267\/revisions"}],"predecessor-version":[{"id":301,"href":"https:\/\/fabuleusementfortes.fr\/index.php?rest_route=\/wp\/v2\/pages\/267\/revisions\/301"}],"wp:featuredmedia":[{"embeddable":true,"href":"https:\/\/fabuleusementfortes.fr\/index.php?rest_route=\/wp\/v2\/media\/269"}],"wp:attachment":[{"href":"https:\/\/fabuleusementfortes.fr\/index.php?rest_route=%2Fwp%2Fv2%2Fmedia&parent=267"}],"curies":[{"name":"wp","href":"https:\/\/api.w.org\/{rel}","templated":true}]}}